{"id":378,"date":"2019-09-13T16:56:11","date_gmt":"2019-09-13T09:56:11","guid":{"rendered":"http:\/\/demo5.muathemewordpress.net\/chi-tiet\/dep-quai-cheo-nu-tinh-sd01073"},"modified":"2019-09-13T16:56:18","modified_gmt":"2019-09-13T09:56:18","slug":"dep-quai-cheo-nu-tinh-sd01073","status":"publish","type":"product","link":"https:\/\/webshopgiay1.vidoweb.vn\/?product=dep-quai-cheo-nu-tinh-sd01073","title":{"rendered":"D\u00e9p quai ch\u00e9o n\u1eef t\u00ednh SD01073"},"content":{"rendered":"<p>\u0110ang c\u1eadp nh\u1eadt&#8230;<\/p>\n","protected":false},"excerpt":{"rendered":"<p>\u0110ang c\u1eadp nh\u1eadt&#8230;<\/p>\n","protected":false},"featured_media":379,"comment_status":"open","ping_status":"closed","template":"","meta":[],"product_brand":[],"product_cat":[16],"product_tag":[],"class_list":{"0":"post-378","1":"product","2":"type-product","3":"status-publish","4":"has-post-thumbnail","6":"product_cat-giay-sandal","8":"first","9":"instock","10":"shipping-taxable","11":"purchasable","12":"product-type-simple"},"yoast_head":"<!-- This site is optimized with the Yoast SEO plugin v27.6 - https:\/\/yoast.com\/product\/yoast-seo-wordpress\/ -->\n<title>D\u00e9p quai ch\u00e9o n\u1eef t\u00ednh SD01073 - Shop Gi\u00e0y 1<\/title>\n<meta name=\"robots\" content=\"noindex, follow, max-snippet:-1, max-image-preview:large, max-video-preview:-1\" \/>\n<meta property=\"og:locale\" content=\"vi_VN\" \/>\n<meta property=\"og:type\" content=\"article\" \/>\n<meta property=\"og:title\" content=\"D\u00e9p quai ch\u00e9o n\u1eef t\u00ednh SD01073 - Shop Gi\u00e0y 1\" \/>\n<meta property=\"og:description\" content=\"\u0110ang c\u1eadp nh\u1eadt&#8230;\" \/>\n<meta property=\"og:url\" content=\"https:\/\/webshopgiay1.vidoweb.vn\/?product=dep-quai-cheo-nu-tinh-sd01073\" \/>\n<meta property=\"og:site_name\" content=\"Shop Gi\u00e0y 1\" \/>\n<meta property=\"article:modified_time\" content=\"2019-09-13T09:56:18+00:00\" \/>\n<meta property=\"og:image\" content=\"https:\/\/webshopgiay1.vidoweb.vn\/wp-content\/uploads\/2019\/09\/dep-quai-cheo-nu-tinh-sd01073_5d7b67beacb54.jpeg\" \/>\n\t<meta property=\"og:image:width\" content=\"1000\" \/>\n\t<meta property=\"og:image:height\" content=\"1000\" \/>\n\t<meta property=\"og:image:type\" content=\"image\/jpeg\" \/>\n<meta name=\"twitter:card\" content=\"summary_large_image\" \/>\n<script type=\"application\/ld+json\" class=\"yoast-schema-graph\">{\"@context\":\"https:\\\/\\\/schema.org\",\"@graph\":[{\"@type\":\"WebPage\",\"@id\":\"https:\\\/\\\/webshopgiay1.vidoweb.vn\\\/?product=dep-quai-cheo-nu-tinh-sd01073\",\"url\":\"https:\\\/\\\/webshopgiay1.vidoweb.vn\\\/?product=dep-quai-cheo-nu-tinh-sd01073\",\"name\":\"D\u00e9p quai ch\u00e9o n\u1eef t\u00ednh SD01073 - Shop Gi\u00e0y 1\",\"isPartOf\":{\"@id\":\"https:\\\/\\\/webshopgiay1.vidoweb.vn\\\/#website\"},\"primaryImageOfPage\":{\"@id\":\"https:\\\/\\\/webshopgiay1.vidoweb.vn\\\/?product=dep-quai-cheo-nu-tinh-sd01073#primaryimage\"},\"image\":{\"@id\":\"https:\\\/\\\/webshopgiay1.vidoweb.vn\\\/?product=dep-quai-cheo-nu-tinh-sd01073#primaryimage\"},\"thumbnailUrl\":\"https:\\\/\\\/webshopgiay1.vidoweb.vn\\\/wp-content\\\/uploads\\\/2019\\\/09\\\/dep-quai-cheo-nu-tinh-sd01073_5d7b67beacb54.jpeg\",\"datePublished\":\"2019-09-13T09:56:11+00:00\",\"dateModified\":\"2019-09-13T09:56:18+00:00\",\"breadcrumb\":{\"@id\":\"https:\\\/\\\/webshopgiay1.vidoweb.vn\\\/?product=dep-quai-cheo-nu-tinh-sd01073#breadcrumb\"},\"inLanguage\":\"vi\",\"potentialAction\":[{\"@type\":\"ReadAction\",\"target\":[\"https:\\\/\\\/webshopgiay1.vidoweb.vn\\\/?product=dep-quai-cheo-nu-tinh-sd01073\"]}]},{\"@type\":\"ImageObject\",\"inLanguage\":\"vi\",\"@id\":\"https:\\\/\\\/webshopgiay1.vidoweb.vn\\\/?product=dep-quai-cheo-nu-tinh-sd01073#primaryimage\",\"url\":\"https:\\\/\\\/webshopgiay1.vidoweb.vn\\\/wp-content\\\/uploads\\\/2019\\\/09\\\/dep-quai-cheo-nu-tinh-sd01073_5d7b67beacb54.jpeg\",\"contentUrl\":\"https:\\\/\\\/webshopgiay1.vidoweb.vn\\\/wp-content\\\/uploads\\\/2019\\\/09\\\/dep-quai-cheo-nu-tinh-sd01073_5d7b67beacb54.jpeg\",\"width\":1000,\"height\":1000},{\"@type\":\"BreadcrumbList\",\"@id\":\"https:\\\/\\\/webshopgiay1.vidoweb.vn\\\/?product=dep-quai-cheo-nu-tinh-sd01073#breadcrumb\",\"itemListElement\":[{\"@type\":\"ListItem\",\"position\":1,\"name\":\"Trang ch\u1ee7\",\"item\":\"https:\\\/\\\/webshopgiay1.vidoweb.vn\\\/\"},{\"@type\":\"ListItem\",\"position\":2,\"name\":\"C\u1eeda h\u00e0ng\",\"item\":\"https:\\\/\\\/webshopgiay1.vidoweb.vn\\\/?page_id=453\"},{\"@type\":\"ListItem\",\"position\":3,\"name\":\"D\u00e9p quai ch\u00e9o n\u1eef t\u00ednh SD01073\"}]},{\"@type\":\"WebSite\",\"@id\":\"https:\\\/\\\/webshopgiay1.vidoweb.vn\\\/#website\",\"url\":\"https:\\\/\\\/webshopgiay1.vidoweb.vn\\\/\",\"name\":\"Shop Gi\u00e0y 1\",\"description\":\"\",\"potentialAction\":[{\"@type\":\"SearchAction\",\"target\":{\"@type\":\"EntryPoint\",\"urlTemplate\":\"https:\\\/\\\/webshopgiay1.vidoweb.vn\\\/?s={search_term_string}\"},\"query-input\":{\"@type\":\"PropertyValueSpecification\",\"valueRequired\":true,\"valueName\":\"search_term_string\"}}],\"inLanguage\":\"vi\"}]}<\/script>\n<!-- \/ Yoast SEO plugin. -->","yoast_head_json":{"title":"D\u00e9p quai ch\u00e9o n\u1eef t\u00ednh SD01073 - Shop Gi\u00e0y 1","robots":{"index":"noindex","follow":"follow","max-snippet":"max-snippet:-1","max-image-preview":"max-image-preview:large","max-video-preview":"max-video-preview:-1"},"og_locale":"vi_VN","og_type":"article","og_title":"D\u00e9p quai ch\u00e9o n\u1eef t\u00ednh SD01073 - Shop Gi\u00e0y 1","og_description":"\u0110ang c\u1eadp nh\u1eadt&#8230;","og_url":"https:\/\/webshopgiay1.vidoweb.vn\/?product=dep-quai-cheo-nu-tinh-sd01073","og_site_name":"Shop Gi\u00e0y 1","article_modified_time":"2019-09-13T09:56:18+00:00","og_image":[{"width":1000,"height":1000,"url":"https:\/\/webshopgiay1.vidoweb.vn\/wp-content\/uploads\/2019\/09\/dep-quai-cheo-nu-tinh-sd01073_5d7b67beacb54.jpeg","type":"image\/jpeg"}],"twitter_card":"summary_large_image","schema":{"@context":"https:\/\/schema.org","@graph":[{"@type":"WebPage","@id":"https:\/\/webshopgiay1.vidoweb.vn\/?product=dep-quai-cheo-nu-tinh-sd01073","url":"https:\/\/webshopgiay1.vidoweb.vn\/?product=dep-quai-cheo-nu-tinh-sd01073","name":"D\u00e9p quai ch\u00e9o n\u1eef t\u00ednh SD01073 - Shop Gi\u00e0y 1","isPartOf":{"@id":"https:\/\/webshopgiay1.vidoweb.vn\/#website"},"primaryImageOfPage":{"@id":"https:\/\/webshopgiay1.vidoweb.vn\/?product=dep-quai-cheo-nu-tinh-sd01073#primaryimage"},"image":{"@id":"https:\/\/webshopgiay1.vidoweb.vn\/?product=dep-quai-cheo-nu-tinh-sd01073#primaryimage"},"thumbnailUrl":"https:\/\/webshopgiay1.vidoweb.vn\/wp-content\/uploads\/2019\/09\/dep-quai-cheo-nu-tinh-sd01073_5d7b67beacb54.jpeg","datePublished":"2019-09-13T09:56:11+00:00","dateModified":"2019-09-13T09:56:18+00:00","breadcrumb":{"@id":"https:\/\/webshopgiay1.vidoweb.vn\/?product=dep-quai-cheo-nu-tinh-sd01073#breadcrumb"},"inLanguage":"vi","potentialAction":[{"@type":"ReadAction","target":["https:\/\/webshopgiay1.vidoweb.vn\/?product=dep-quai-cheo-nu-tinh-sd01073"]}]},{"@type":"ImageObject","inLanguage":"vi","@id":"https:\/\/webshopgiay1.vidoweb.vn\/?product=dep-quai-cheo-nu-tinh-sd01073#primaryimage","url":"https:\/\/webshopgiay1.vidoweb.vn\/wp-content\/uploads\/2019\/09\/dep-quai-cheo-nu-tinh-sd01073_5d7b67beacb54.jpeg","contentUrl":"https:\/\/webshopgiay1.vidoweb.vn\/wp-content\/uploads\/2019\/09\/dep-quai-cheo-nu-tinh-sd01073_5d7b67beacb54.jpeg","width":1000,"height":1000},{"@type":"BreadcrumbList","@id":"https:\/\/webshopgiay1.vidoweb.vn\/?product=dep-quai-cheo-nu-tinh-sd01073#breadcrumb","itemListElement":[{"@type":"ListItem","position":1,"name":"Trang ch\u1ee7","item":"https:\/\/webshopgiay1.vidoweb.vn\/"},{"@type":"ListItem","position":2,"name":"C\u1eeda h\u00e0ng","item":"https:\/\/webshopgiay1.vidoweb.vn\/?page_id=453"},{"@type":"ListItem","position":3,"name":"D\u00e9p quai ch\u00e9o n\u1eef t\u00ednh SD01073"}]},{"@type":"WebSite","@id":"https:\/\/webshopgiay1.vidoweb.vn\/#website","url":"https:\/\/webshopgiay1.vidoweb.vn\/","name":"Shop Gi\u00e0y 1","description":"","potentialAction":[{"@type":"SearchAction","target":{"@type":"EntryPoint","urlTemplate":"https:\/\/webshopgiay1.vidoweb.vn\/?s={search_term_string}"},"query-input":{"@type":"PropertyValueSpecification","valueRequired":true,"valueName":"search_term_string"}}],"inLanguage":"vi"}]}},"_links":{"self":[{"href":"https:\/\/webshopgiay1.vidoweb.vn\/index.php?rest_route=\/wp\/v2\/product\/378","targetHints":{"allow":["GET"]}}],"collection":[{"href":"https:\/\/webshopgiay1.vidoweb.vn\/index.php?rest_route=\/wp\/v2\/product"}],"about":[{"href":"https:\/\/webshopgiay1.vidoweb.vn\/index.php?rest_route=\/wp\/v2\/types\/product"}],"replies":[{"embeddable":true,"href":"https:\/\/webshopgiay1.vidoweb.vn\/index.php?rest_route=%2Fwp%2Fv2%2Fcomments&post=378"}],"wp:featuredmedia":[{"embeddable":true,"href":"https:\/\/webshopgiay1.vidoweb.vn\/index.php?rest_route=\/wp\/v2\/media\/379"}],"wp:attachment":[{"href":"https:\/\/webshopgiay1.vidoweb.vn\/index.php?rest_route=%2Fwp%2Fv2%2Fmedia&parent=378"}],"wp:term":[{"taxonomy":"product_brand","embeddable":true,"href":"https:\/\/webshopgiay1.vidoweb.vn\/index.php?rest_route=%2Fwp%2Fv2%2Fproduct_brand&post=378"},{"taxonomy":"product_cat","embeddable":true,"href":"https:\/\/webshopgiay1.vidoweb.vn\/index.php?rest_route=%2Fwp%2Fv2%2Fproduct_cat&post=378"},{"taxonomy":"product_tag","embeddable":true,"href":"https:\/\/webshopgiay1.vidoweb.vn\/index.php?rest_route=%2Fwp%2Fv2%2Fproduct_tag&post=378"}],"curies":[{"name":"wp","href":"https:\/\/api.w.org\/{rel}","templated":true}]}}